{"id":2963,"date":"2019-06-01T22:57:06","date_gmt":"2019-06-02T01:57:06","guid":{"rendered":"http:\/\/papifutbolmb.com.ar\/?page_id=2963"},"modified":"2019-11-19T23:23:23","modified_gmt":"2019-11-20T02:23:23","slug":"copa-de-campeones-xxxiii-belgrano-2019","status":"publish","type":"page","link":"https:\/\/papifutbolmb.com.ar\/wp\/copa-de-campeones-xxxiii-belgrano-2019\/","title":{"rendered":"Copa de Campeones XXXIII \u2013 Belgrano 2019"},"content":{"rendered":"<p>El s\u00e1bado 25 y el domingo 26 de Mayo se llev\u00f3 a cabo el XXXIII Torneo Nacional de Campeones Maristas de Papif\u00fatbol en Carup\u00e1. El Torneo sali\u00f3 10 puntos, agradecemos a todos los que formaron parte de la Comisi\u00f3n organizadora.<\/p>\n<p>Estos son los resultados finales del Torneo:<\/p>\n<p><strong>Categoria Libres<\/strong><\/p>\n<p>Campe\u00f3n Rafaela A<br \/>\nSubcampe\u00f3n Moron A<br \/>\n3er Puesto Manuel Belgrano A<br \/>\n4to Puesto Pergamino A<br \/>\nValla Menos Vencida Moron A<br \/>\nGoleador Matias Olleros de Rafaela<br \/>\nFair Play Belgrano A<\/p>\n<p><strong>Categor\u00eda Veteranos<\/strong><\/p>\n<p>Campe\u00f3n Mar del Palta B<br \/>\nSubCampe\u00f3n Moron B<br \/>\n3ro Mor\u00f3n A<br \/>\n4to Luj\u00e1n A<br \/>\nValla Menos Vencida Mor\u00f3n A y Mar del Plata B<br \/>\nGoleador Claudio Fasano Rafaela<\/p>\n<p><strong>Categor\u00eda S\u00faper Veteranos<\/strong><\/p>\n<p>Campe\u00f3n Luj\u00e1n A<br \/>\nSubcampe\u00f3n Pergamino B<br \/>\n3ro Mar del Plata A<br \/>\n4to Pergamino A<br \/>\nValla Menos Vencida Luj\u00e1n A<br \/>\nGoleador Sarmiento Fernando Pergamino B<br \/>\nFair Play Cat. Super Veteranos Inmacualda A<\/p>\n<p><strong>Categor\u00eda Senior<\/strong><\/p>\n<p>Campe\u00f3n Mor\u00f3n A<br \/>\nSub Campe\u00f3n La Plata A<br \/>\n3er Puesto Luj\u00e1n A<br \/>\n4to Puesto Pergamino A<br \/>\nGoleador Marasco La Plata y Venditti de Mor\u00f3n<br \/>\nValla Menos Vencida Mor\u00f3n A<br \/>\nFair Play\u00a0 Categoria Mor\u00f3n<\/p>\n<div id='gallery-1' class='gallery galleryid-2963 gallery-columns-3 gallery-size-thumbnail'><figure class='gallery-item'>\n\t\t\t<div class='gallery-icon landscape'>\n\t\t\t\t<a href='https:\/\/papifutbolmb.com.ar\/wp\/copa-de-campeones-xxxiii-belgrano-2019\/e6756a4b-71b8-493e-bf4f-d1941aee3b88\/'><img loading=\"lazy\" decoding=\"async\" width=\"150\" height=\"150\" src=\"https:\/\/papifutbolmb.com.ar\/wp\/wp-content\/uploads\/2019\/11\/e6756a4b-71b8-493e-bf4f-d1941aee3b88-150x150.jpg\" class=\"attachment-thumbnail size-thumbnail\" alt=\"\" srcset=\"https:\/\/papifutbolmb.com.ar\/wp\/wp-content\/uploads\/2019\/11\/e6756a4b-71b8-493e-bf4f-d1941aee3b88-150x150.jpg 150w, https:\/\/papifutbolmb.com.ar\/wp\/wp-content\/uploads\/2019\/11\/e6756a4b-71b8-493e-bf4f-d1941aee3b88-300x300.jpg 300w\" sizes=\"auto, (max-width: 150px) 100vw, 150px\" \/><\/a>\n\t\t\t<\/div><\/figure><figure class='gallery-item'>\n\t\t\t<div class='gallery-icon landscape'>\n\t\t\t\t<a href='https:\/\/papifutbolmb.com.ar\/wp\/copa-de-campeones-xxxiii-belgrano-2019\/d4c0845b-6164-4eb0-9d82-e34a3f5334fa\/'><img loading=\"lazy\" decoding=\"async\" width=\"150\" height=\"150\" src=\"https:\/\/papifutbolmb.com.ar\/wp\/wp-content\/uploads\/2019\/11\/d4c0845b-6164-4eb0-9d82-e34a3f5334fa-150x150.jpg\" class=\"attachment-thumbnail size-thumbnail\" alt=\"\" srcset=\"https:\/\/papifutbolmb.com.ar\/wp\/wp-content\/uploads\/2019\/11\/d4c0845b-6164-4eb0-9d82-e34a3f5334fa-150x150.jpg 150w, https:\/\/papifutbolmb.com.ar\/wp\/wp-content\/uploads\/2019\/11\/d4c0845b-6164-4eb0-9d82-e34a3f5334fa-300x300.jpg 300w\" sizes=\"auto, (max-width: 150px) 100vw, 150px\" \/><\/a>\n\t\t\t<\/div><\/figure><figure class='gallery-item'>\n\t\t\t<div class='gallery-icon landscape'>\n\t\t\t\t<a href='https:\/\/papifutbolmb.com.ar\/wp\/copa-de-campeones-xxxiii-belgrano-2019\/62f506e1-e4f3-44ef-96e5-fe1f0cb19c82\/'><img loading=\"lazy\" decoding=\"async\" width=\"150\" height=\"150\" src=\"https:\/\/papifutbolmb.com.ar\/wp\/wp-content\/uploads\/2019\/11\/62f506e1-e4f3-44ef-96e5-fe1f0cb19c82-150x150.jpg\" class=\"attachment-thumbnail size-thumbnail\" alt=\"\" srcset=\"https:\/\/papifutbolmb.com.ar\/wp\/wp-content\/uploads\/2019\/11\/62f506e1-e4f3-44ef-96e5-fe1f0cb19c82-150x150.jpg 150w, https:\/\/papifutbolmb.com.ar\/wp\/wp-content\/uploads\/2019\/11\/62f506e1-e4f3-44ef-96e5-fe1f0cb19c82-300x300.jpg 300w\" sizes=\"auto, (max-width: 150px) 100vw, 150px\" \/><\/a>\n\t\t\t<\/div><\/figure><figure class='gallery-item'>\n\t\t\t<div class='gallery-icon landscape'>\n\t\t\t\t<a href='https:\/\/papifutbolmb.com.ar\/wp\/copa-de-campeones-xxxiii-belgrano-2019\/img_4792\/'><img loading=\"lazy\" decoding=\"async\" width=\"150\" height=\"150\" src=\"https:\/\/papifutbolmb.com.ar\/wp\/wp-content\/uploads\/2019\/11\/IMG_4792-150x150.jpg\" class=\"attachment-thumbnail size-thumbnail\" alt=\"\" srcset=\"https:\/\/papifutbolmb.com.ar\/wp\/wp-content\/uploads\/2019\/11\/IMG_4792-150x150.jpg 150w, https:\/\/papifutbolmb.com.ar\/wp\/wp-content\/uploads\/2019\/11\/IMG_4792-300x300.jpg 300w\" sizes=\"auto, (max-width: 150px) 100vw, 150px\" \/><\/a>\n\t\t\t<\/div><\/figure><figure class='gallery-item'>\n\t\t\t<div class='gallery-icon portrait'>\n\t\t\t\t<a href='https:\/\/papifutbolmb.com.ar\/wp\/copa-de-campeones-xxxiii-belgrano-2019\/7b17e273-09a9-426b-8fbe-245c0c8bd657\/'><img loading=\"lazy\" decoding=\"async\" width=\"150\" height=\"150\" src=\"https:\/\/papifutbolmb.com.ar\/wp\/wp-content\/uploads\/2019\/11\/7b17e273-09a9-426b-8fbe-245c0c8bd657-150x150.jpg\" class=\"attachment-thumbnail size-thumbnail\" alt=\"\" srcset=\"https:\/\/papifutbolmb.com.ar\/wp\/wp-content\/uploads\/2019\/11\/7b17e273-09a9-426b-8fbe-245c0c8bd657-150x150.jpg 150w, https:\/\/papifutbolmb.com.ar\/wp\/wp-content\/uploads\/2019\/11\/7b17e273-09a9-426b-8fbe-245c0c8bd657-300x300.jpg 300w\" sizes=\"auto, (max-width: 150px) 100vw, 150px\" \/><\/a>\n\t\t\t<\/div><\/figure><figure class='gallery-item'>\n\t\t\t<div class='gallery-icon landscape'>\n\t\t\t\t<a href='https:\/\/papifutbolmb.com.ar\/wp\/copa-de-campeones-xxxiii-belgrano-2019\/8f4915db-db7c-4404-a1b0-d98aa335cc27\/'><img loading=\"lazy\" decoding=\"async\" width=\"150\" height=\"150\" src=\"https:\/\/papifutbolmb.com.ar\/wp\/wp-content\/uploads\/2019\/11\/8f4915db-db7c-4404-a1b0-d98aa335cc27-150x150.jpg\" class=\"attachment-thumbnail size-thumbnail\" alt=\"\" srcset=\"https:\/\/papifutbolmb.com.ar\/wp\/wp-content\/uploads\/2019\/11\/8f4915db-db7c-4404-a1b0-d98aa335cc27-150x150.jpg 150w, https:\/\/papifutbolmb.com.ar\/wp\/wp-content\/uploads\/2019\/11\/8f4915db-db7c-4404-a1b0-d98aa335cc27-300x300.jpg 300w\" sizes=\"auto, (max-width: 150px) 100vw, 150px\" \/><\/a>\n\t\t\t<\/div><\/figure><figure class='gallery-item'>\n\t\t\t<div class='gallery-icon landscape'>\n\t\t\t\t<a href='https:\/\/papifutbolmb.com.ar\/wp\/copa-de-campeones-xxxiii-belgrano-2019\/e6756a4b-71b8-493e-bf4f-d1941aee3b88-2\/'><img loading=\"lazy\" decoding=\"async\" width=\"150\" height=\"150\" src=\"https:\/\/papifutbolmb.com.ar\/wp\/wp-content\/uploads\/2019\/11\/e6756a4b-71b8-493e-bf4f-d1941aee3b88-1-150x150.jpg\" class=\"attachment-thumbnail size-thumbnail\" alt=\"\" srcset=\"https:\/\/papifutbolmb.com.ar\/wp\/wp-content\/uploads\/2019\/11\/e6756a4b-71b8-493e-bf4f-d1941aee3b88-1-150x150.jpg 150w, https:\/\/papifutbolmb.com.ar\/wp\/wp-content\/uploads\/2019\/11\/e6756a4b-71b8-493e-bf4f-d1941aee3b88-1-300x300.jpg 300w\" sizes=\"auto, (max-width: 150px) 100vw, 150px\" \/><\/a>\n\t\t\t<\/div><\/figure><figure class='gallery-item'>\n\t\t\t<div class='gallery-icon landscape'>\n\t\t\t\t<a href='https:\/\/papifutbolmb.com.ar\/wp\/copa-de-campeones-xxxiii-belgrano-2019\/img_4782\/'><img loading=\"lazy\" decoding=\"async\" width=\"150\" height=\"150\" src=\"https:\/\/papifutbolmb.com.ar\/wp\/wp-content\/uploads\/2019\/11\/IMG_4782-150x150.jpg\" class=\"attachment-thumbnail size-thumbnail\" alt=\"\" srcset=\"https:\/\/papifutbolmb.com.ar\/wp\/wp-content\/uploads\/2019\/11\/IMG_4782-150x150.jpg 150w, https:\/\/papifutbolmb.com.ar\/wp\/wp-content\/uploads\/2019\/11\/IMG_4782-300x300.jpg 300w\" sizes=\"auto, (max-width: 150px) 100vw, 150px\" \/><\/a>\n\t\t\t<\/div><\/figure><figure class='gallery-item'>\n\t\t\t<div class='gallery-icon landscape'>\n\t\t\t\t<a href='https:\/\/papifutbolmb.com.ar\/wp\/copa-de-campeones-xxxiii-belgrano-2019\/img_4789\/'><img loading=\"lazy\" decoding=\"async\" width=\"150\" height=\"150\" src=\"https:\/\/papifutbolmb.com.ar\/wp\/wp-content\/uploads\/2019\/11\/IMG_4789-150x150.jpg\" class=\"attachment-thumbnail size-thumbnail\" alt=\"\" srcset=\"https:\/\/papifutbolmb.com.ar\/wp\/wp-content\/uploads\/2019\/11\/IMG_4789-150x150.jpg 150w, https:\/\/papifutbolmb.com.ar\/wp\/wp-content\/uploads\/2019\/11\/IMG_4789-300x300.jpg 300w\" sizes=\"auto, (max-width: 150px) 100vw, 150px\" \/><\/a>\n\t\t\t<\/div><\/figure><figure class='gallery-item'>\n\t\t\t<div class='gallery-icon landscape'>\n\t\t\t\t<a href='https:\/\/papifutbolmb.com.ar\/wp\/copa-de-campeones-xxxiii-belgrano-2019\/img_4790\/'><img loading=\"lazy\" decoding=\"async\" width=\"150\" height=\"150\" src=\"https:\/\/papifutbolmb.com.ar\/wp\/wp-content\/uploads\/2019\/11\/IMG_4790-150x150.jpg\" class=\"attachment-thumbnail size-thumbnail\" alt=\"\" \/><\/a>\n\t\t\t<\/div><\/figure><figure class='gallery-item'>\n\t\t\t<div class='gallery-icon landscape'>\n\t\t\t\t<a href='https:\/\/papifutbolmb.com.ar\/wp\/copa-de-campeones-xxxiii-belgrano-2019\/img_4791\/'><img loading=\"lazy\" decoding=\"async\" width=\"150\" height=\"150\" src=\"https:\/\/papifutbolmb.com.ar\/wp\/wp-content\/uploads\/2019\/11\/IMG_4791-150x150.jpg\" class=\"attachment-thumbnail size-thumbnail\" alt=\"\" srcset=\"https:\/\/papifutbolmb.com.ar\/wp\/wp-content\/uploads\/2019\/11\/IMG_4791-150x150.jpg 150w, https:\/\/papifutbolmb.com.ar\/wp\/wp-content\/uploads\/2019\/11\/IMG_4791-300x300.jpg 300w\" sizes=\"auto, (max-width: 150px) 100vw, 150px\" \/><\/a>\n\t\t\t<\/div><\/figure><figure class='gallery-item'>\n\t\t\t<div class='gallery-icon landscape'>\n\t\t\t\t<a href='https:\/\/papifutbolmb.com.ar\/wp\/copa-de-campeones-xxxiii-belgrano-2019\/4abb972c-5838-43c7-8b1b-fbcc7eede567\/'><img loading=\"lazy\" decoding=\"async\" width=\"150\" height=\"150\" src=\"https:\/\/papifutbolmb.com.ar\/wp\/wp-content\/uploads\/2019\/11\/4ABB972C-5838-43C7-8B1B-FBCC7EEDE567-150x150.jpg\" class=\"attachment-thumbnail size-thumbnail\" alt=\"\" srcset=\"https:\/\/papifutbolmb.com.ar\/wp\/wp-content\/uploads\/2019\/11\/4ABB972C-5838-43C7-8B1B-FBCC7EEDE567-150x150.jpg 150w, https:\/\/papifutbolmb.com.ar\/wp\/wp-content\/uploads\/2019\/11\/4ABB972C-5838-43C7-8B1B-FBCC7EEDE567-300x300.jpg 300w\" sizes=\"auto, (max-width: 150px) 100vw, 150px\" \/><\/a>\n\t\t\t<\/div><\/figure>\n\t\t<\/div>\n\n","protected":false},"excerpt":{"rendered":"<p>El s\u00e1bado 25 y el domingo 26 de Mayo se llev\u00f3 a cabo el XXXIII Torneo Nacional de Campeones Maristas de Papif\u00fatbol en Carup\u00e1. El Torneo sali\u00f3 10 puntos, agradecemos a todos los que formaron parte de la Comisi\u00f3n organizadora. Estos son los resultados finales del Torneo: Categoria Libres Campe\u00f3n Rafaela A Subcampe\u00f3n Moron A [&hellip;]<\/p>\n","protected":false},"author":1,"featured_media":0,"parent":0,"menu_order":0,"comment_status":"closed","ping_status":"closed","template":"","meta":{"footnotes":""},"class_list":["post-2963","page","type-page","status-publish","hentry"],"yoast_head":"<!-- This site is optimized with the Yoast SEO plugin v27.4 - https:\/\/yoast.com\/product\/yoast-seo-wordpress\/ -->\n<title>Copa de Campeones XXXIII \u2013 Belgrano 2019 - EL PAPI<\/title>\n<meta name=\"robots\" content=\"index, follow, max-snippet:-1, max-image-preview:large, max-video-preview:-1\" \/>\n<link rel=\"canonical\" href=\"https:\/\/papifutbolmb.com.ar\/wp\/copa-de-campeones-xxxiii-belgrano-2019\/\" \/>\n<meta property=\"og:locale\" content=\"en_US\" \/>\n<meta property=\"og:type\" content=\"article\" \/>\n<meta property=\"og:title\" content=\"Copa de Campeones XXXIII \u2013 Belgrano 2019 - EL PAPI\" \/>\n<meta property=\"og:description\" content=\"El s\u00e1bado 25 y el domingo 26 de Mayo se llev\u00f3 a cabo el XXXIII Torneo Nacional de Campeones Maristas de Papif\u00fatbol en Carup\u00e1. El Torneo sali\u00f3 10 puntos, agradecemos a todos los que formaron parte de la Comisi\u00f3n organizadora. Estos son los resultados finales del Torneo: Categoria Libres Campe\u00f3n Rafaela A Subcampe\u00f3n Moron A [&hellip;]\" \/>\n<meta property=\"og:url\" content=\"https:\/\/papifutbolmb.com.ar\/wp\/copa-de-campeones-xxxiii-belgrano-2019\/\" \/>\n<meta property=\"og:site_name\" content=\"EL PAPI\" \/>\n<meta property=\"article:publisher\" content=\"https:\/\/www.instagram.com\/papifutbolmb\/\" \/>\n<meta property=\"article:modified_time\" content=\"2019-11-20T02:23:23+00:00\" \/>\n<meta property=\"og:image\" content=\"https:\/\/papifutbolmb.com.ar\/wp\/wp-content\/uploads\/2019\/11\/e6756a4b-71b8-493e-bf4f-d1941aee3b88-150x150.jpg\" \/>\n<meta name=\"twitter:card\" content=\"summary_large_image\" \/>\n<meta name=\"twitter:site\" content=\"@papifutbolmb\" \/>\n<meta name=\"twitter:label1\" content=\"Est. reading time\" \/>\n\t<meta name=\"twitter:data1\" content=\"1 minute\" \/>\n<script type=\"application\/ld+json\" class=\"yoast-schema-graph\">{\"@context\":\"https:\\\/\\\/schema.org\",\"@graph\":[{\"@type\":\"WebPage\",\"@id\":\"https:\\\/\\\/papifutbolmb.com.ar\\\/wp\\\/copa-de-campeones-xxxiii-belgrano-2019\\\/\",\"url\":\"https:\\\/\\\/papifutbolmb.com.ar\\\/wp\\\/copa-de-campeones-xxxiii-belgrano-2019\\\/\",\"name\":\"Copa de Campeones XXXIII \u2013 Belgrano 2019 - EL PAPI\",\"isPartOf\":{\"@id\":\"https:\\\/\\\/papifutbolmb.com.ar\\\/wp\\\/#website\"},\"datePublished\":\"2019-06-02T01:57:06+00:00\",\"dateModified\":\"2019-11-20T02:23:23+00:00\",\"breadcrumb\":{\"@id\":\"https:\\\/\\\/papifutbolmb.com.ar\\\/wp\\\/copa-de-campeones-xxxiii-belgrano-2019\\\/#breadcrumb\"},\"inLanguage\":\"en-US\",\"potentialAction\":[{\"@type\":\"ReadAction\",\"target\":[\"https:\\\/\\\/papifutbolmb.com.ar\\\/wp\\\/copa-de-campeones-xxxiii-belgrano-2019\\\/\"]}]},{\"@type\":\"BreadcrumbList\",\"@id\":\"https:\\\/\\\/papifutbolmb.com.ar\\\/wp\\\/copa-de-campeones-xxxiii-belgrano-2019\\\/#breadcrumb\",\"itemListElement\":[{\"@type\":\"ListItem\",\"position\":1,\"name\":\"Portada\",\"item\":\"https:\\\/\\\/papifutbolmb.com.ar\\\/wp\\\/\"},{\"@type\":\"ListItem\",\"position\":2,\"name\":\"Copa de Campeones XXXIII \u2013 Belgrano 2019\"}]},{\"@type\":\"WebSite\",\"@id\":\"https:\\\/\\\/papifutbolmb.com.ar\\\/wp\\\/#website\",\"url\":\"https:\\\/\\\/papifutbolmb.com.ar\\\/wp\\\/\",\"name\":\"El Papi 2024\",\"description\":\"1976 - 2026 | 50 a\u00f1os\",\"publisher\":{\"@id\":\"https:\\\/\\\/papifutbolmb.com.ar\\\/wp\\\/#organization\"},\"potentialAction\":[{\"@type\":\"SearchAction\",\"target\":{\"@type\":\"EntryPoint\",\"urlTemplate\":\"https:\\\/\\\/papifutbolmb.com.ar\\\/wp\\\/?s={search_term_string}\"},\"query-input\":{\"@type\":\"PropertyValueSpecification\",\"valueRequired\":true,\"valueName\":\"search_term_string\"}}],\"inLanguage\":\"en-US\"},{\"@type\":\"Organization\",\"@id\":\"https:\\\/\\\/papifutbolmb.com.ar\\\/wp\\\/#organization\",\"name\":\"Papi F\u00fatbol Colegio Manuel Belgrano\",\"url\":\"https:\\\/\\\/papifutbolmb.com.ar\\\/wp\\\/\",\"logo\":{\"@type\":\"ImageObject\",\"inLanguage\":\"en-US\",\"@id\":\"https:\\\/\\\/papifutbolmb.com.ar\\\/wp\\\/#\\\/schema\\\/logo\\\/image\\\/\",\"url\":\"https:\\\/\\\/papifutbolmb.com.ar\\\/wp\\\/wp-content\\\/uploads\\\/2024\\\/06\\\/logopapi-1.png\",\"contentUrl\":\"https:\\\/\\\/papifutbolmb.com.ar\\\/wp\\\/wp-content\\\/uploads\\\/2024\\\/06\\\/logopapi-1.png\",\"width\":1920,\"height\":1080,\"caption\":\"Papi F\u00fatbol Colegio Manuel Belgrano\"},\"image\":{\"@id\":\"https:\\\/\\\/papifutbolmb.com.ar\\\/wp\\\/#\\\/schema\\\/logo\\\/image\\\/\"},\"sameAs\":[\"https:\\\/\\\/www.instagram.com\\\/papifutbolmb\\\/\",\"https:\\\/\\\/x.com\\\/papifutbolmb\",\"https:\\\/\\\/www.youtube.com\\\/papifutbolmb\",\"https:\\\/\\\/facebook.com\\\/papifutbolmb\"]}]}<\/script>\n<!-- \/ Yoast SEO plugin. -->","yoast_head_json":{"title":"Copa de Campeones XXXIII \u2013 Belgrano 2019 - EL PAPI","robots":{"index":"index","follow":"follow","max-snippet":"max-snippet:-1","max-image-preview":"max-image-preview:large","max-video-preview":"max-video-preview:-1"},"canonical":"https:\/\/papifutbolmb.com.ar\/wp\/copa-de-campeones-xxxiii-belgrano-2019\/","og_locale":"en_US","og_type":"article","og_title":"Copa de Campeones XXXIII \u2013 Belgrano 2019 - EL PAPI","og_description":"El s\u00e1bado 25 y el domingo 26 de Mayo se llev\u00f3 a cabo el XXXIII Torneo Nacional de Campeones Maristas de Papif\u00fatbol en Carup\u00e1. El Torneo sali\u00f3 10 puntos, agradecemos a todos los que formaron parte de la Comisi\u00f3n organizadora. Estos son los resultados finales del Torneo: Categoria Libres Campe\u00f3n Rafaela A Subcampe\u00f3n Moron A [&hellip;]","og_url":"https:\/\/papifutbolmb.com.ar\/wp\/copa-de-campeones-xxxiii-belgrano-2019\/","og_site_name":"EL PAPI","article_publisher":"https:\/\/www.instagram.com\/papifutbolmb\/","article_modified_time":"2019-11-20T02:23:23+00:00","og_image":[{"url":"https:\/\/papifutbolmb.com.ar\/wp\/wp-content\/uploads\/2019\/11\/e6756a4b-71b8-493e-bf4f-d1941aee3b88-150x150.jpg","type":"","width":"","height":""}],"twitter_card":"summary_large_image","twitter_site":"@papifutbolmb","twitter_misc":{"Est. reading time":"1 minute"},"schema":{"@context":"https:\/\/schema.org","@graph":[{"@type":"WebPage","@id":"https:\/\/papifutbolmb.com.ar\/wp\/copa-de-campeones-xxxiii-belgrano-2019\/","url":"https:\/\/papifutbolmb.com.ar\/wp\/copa-de-campeones-xxxiii-belgrano-2019\/","name":"Copa de Campeones XXXIII \u2013 Belgrano 2019 - EL PAPI","isPartOf":{"@id":"https:\/\/papifutbolmb.com.ar\/wp\/#website"},"datePublished":"2019-06-02T01:57:06+00:00","dateModified":"2019-11-20T02:23:23+00:00","breadcrumb":{"@id":"https:\/\/papifutbolmb.com.ar\/wp\/copa-de-campeones-xxxiii-belgrano-2019\/#breadcrumb"},"inLanguage":"en-US","potentialAction":[{"@type":"ReadAction","target":["https:\/\/papifutbolmb.com.ar\/wp\/copa-de-campeones-xxxiii-belgrano-2019\/"]}]},{"@type":"BreadcrumbList","@id":"https:\/\/papifutbolmb.com.ar\/wp\/copa-de-campeones-xxxiii-belgrano-2019\/#breadcrumb","itemListElement":[{"@type":"ListItem","position":1,"name":"Portada","item":"https:\/\/papifutbolmb.com.ar\/wp\/"},{"@type":"ListItem","position":2,"name":"Copa de Campeones XXXIII \u2013 Belgrano 2019"}]},{"@type":"WebSite","@id":"https:\/\/papifutbolmb.com.ar\/wp\/#website","url":"https:\/\/papifutbolmb.com.ar\/wp\/","name":"El Papi 2024","description":"1976 - 2026 | 50 a\u00f1os","publisher":{"@id":"https:\/\/papifutbolmb.com.ar\/wp\/#organization"},"potentialAction":[{"@type":"SearchAction","target":{"@type":"EntryPoint","urlTemplate":"https:\/\/papifutbolmb.com.ar\/wp\/?s={search_term_string}"},"query-input":{"@type":"PropertyValueSpecification","valueRequired":true,"valueName":"search_term_string"}}],"inLanguage":"en-US"},{"@type":"Organization","@id":"https:\/\/papifutbolmb.com.ar\/wp\/#organization","name":"Papi F\u00fatbol Colegio Manuel Belgrano","url":"https:\/\/papifutbolmb.com.ar\/wp\/","logo":{"@type":"ImageObject","inLanguage":"en-US","@id":"https:\/\/papifutbolmb.com.ar\/wp\/#\/schema\/logo\/image\/","url":"https:\/\/papifutbolmb.com.ar\/wp\/wp-content\/uploads\/2024\/06\/logopapi-1.png","contentUrl":"https:\/\/papifutbolmb.com.ar\/wp\/wp-content\/uploads\/2024\/06\/logopapi-1.png","width":1920,"height":1080,"caption":"Papi F\u00fatbol Colegio Manuel Belgrano"},"image":{"@id":"https:\/\/papifutbolmb.com.ar\/wp\/#\/schema\/logo\/image\/"},"sameAs":["https:\/\/www.instagram.com\/papifutbolmb\/","https:\/\/x.com\/papifutbolmb","https:\/\/www.youtube.com\/papifutbolmb","https:\/\/facebook.com\/papifutbolmb"]}]}},"_links":{"self":[{"href":"https:\/\/papifutbolmb.com.ar\/wp\/wp-json\/wp\/v2\/pages\/2963","targetHints":{"allow":["GET"]}}],"collection":[{"href":"https:\/\/papifutbolmb.com.ar\/wp\/wp-json\/wp\/v2\/pages"}],"about":[{"href":"https:\/\/papifutbolmb.com.ar\/wp\/wp-json\/wp\/v2\/types\/page"}],"author":[{"embeddable":true,"href":"https:\/\/papifutbolmb.com.ar\/wp\/wp-json\/wp\/v2\/users\/1"}],"replies":[{"embeddable":true,"href":"https:\/\/papifutbolmb.com.ar\/wp\/wp-json\/wp\/v2\/comments?post=2963"}],"version-history":[{"count":1,"href":"https:\/\/papifutbolmb.com.ar\/wp\/wp-json\/wp\/v2\/pages\/2963\/revisions"}],"predecessor-version":[{"id":2985,"href":"https:\/\/papifutbolmb.com.ar\/wp\/wp-json\/wp\/v2\/pages\/2963\/revisions\/2985"}],"wp:attachment":[{"href":"https:\/\/papifutbolmb.com.ar\/wp\/wp-json\/wp\/v2\/media?parent=2963"}],"curies":[{"name":"wp","href":"https:\/\/api.w.org\/{rel}","templated":true}]}}